{"id":116,"date":"2024-02-02T14:39:38","date_gmt":"2024-02-02T13:39:38","guid":{"rendered":"https:\/\/david-elagage-paysagiste.fr\/amenagement-exterieur\/?page_id=116"},"modified":"2024-11-04T17:18:00","modified_gmt":"2024-11-04T16:18:00","slug":"contact","status":"publish","type":"page","link":"https:\/\/david-elagage-paysagiste.fr\/amenagement-exterieur\/contact\/","title":{"rendered":"Contact"},"content":{"rendered":"\t\t<div data-elementor-type=\"wp-page\" data-elementor-id=\"116\" class=\"elementor elementor-116\">\n\t\t\t\t\t\t\t<div class=\"elementor-element elementor-element-6b95c6a e-flex e-con-boxed e-con e-parent\" data-id=\"6b95c6a\" data-element_type=\"container\" data-settings=\"{&quot;content_width&quot;:&quot;boxed&quot;}\" data-core-v316-plus=\"true\">\n\t\t\t\t\t<div class=\"e-con-inner\">\n\t\t\t\t<div class=\"elementor-element elementor-element-6cfe35a elementor-widget elementor-widget-text-editor\" data-id=\"6cfe35a\" data-element_type=\"widget\" data-widget_type=\"text-editor.default\">\n\t\t\t\t<div class=\"elementor-widget-container\">\n\t\t\t<style>\/*! elementor - v3.18.0 - 08-12-2023 *\/\n.elementor-widget-text-editor.elementor-drop-cap-view-stacked .elementor-drop-cap{background-color:#69727d;color:#fff}.elementor-widget-text-editor.elementor-drop-cap-view-framed .elementor-drop-cap{color:#69727d;border:3px solid;background-color:transparent}.elementor-widget-text-editor:not(.elementor-drop-cap-view-default) .elementor-drop-cap{margin-top:8px}.elementor-widget-text-editor:not(.elementor-drop-cap-view-default) .elementor-drop-cap-letter{width:1em;height:1em}.elementor-widget-text-editor .elementor-drop-cap{float:left;text-align:center;line-height:1;font-size:50px}.elementor-widget-text-editor .elementor-drop-cap-letter{display:inline-block}<\/style>\t\t\t\t<h2>David Elagage Paysagiste<\/h2><div><h3>HAM DE FARREN<br \/>13220 Ch\u00e2teauneuf-les-Martigues<\/h3><\/div><h3>T\u00e9l : 0641109903<\/h3>\t\t\t\t\t\t<\/div>\n\t\t\t\t<\/div>\n\t\t\t\t\t<\/div>\n\t\t\t\t<\/div>\n\t\t<div class=\"elementor-element elementor-element-28cca3f e-flex e-con-boxed e-con e-parent\" data-id=\"28cca3f\" data-element_type=\"container\" data-settings=\"{&quot;content_width&quot;:&quot;boxed&quot;}\" data-core-v316-plus=\"true\">\n\t\t\t\t\t<div class=\"e-con-inner\">\n\t\t\t\t\t<\/div>\n\t\t\t\t<\/div>\n\t\t\t\t\t\t\t<\/div>\n\t\t","protected":false},"excerpt":{"rendered":"<p>David Elagage PaysagisteHAM DE FARREN13220 Ch\u00e2teauneuf-les-MartiguesT\u00e9l : 0641109903<\/p>\n","protected":false},"author":1,"featured_media":0,"parent":0,"menu_order":0,"comment_status":"closed","ping_status":"closed","template":"","meta":{"footnotes":""},"categories":[],"tags":[],"acf":[],"yoast_head":"<!-- This site is optimized with the Yoast SEO plugin v17.2 - https:\/\/yoast.com\/wordpress\/plugins\/seo\/ -->\n<title>Contact &raquo; David \u00c9lagage Paysagiste<\/title>\n<meta name=\"robots\" content=\"index, follow, max-snippet:-1, max-image-preview:large, max-video-preview:-1\" \/>\n<link rel=\"canonical\" href=\"https:\/\/david-elagage-paysagiste.fr\/amenagement-exterieur\/contact\/\" \/>\n<meta property=\"og:locale\" content=\"fr_FR\" \/>\n<meta property=\"og:type\" content=\"article\" \/>\n<meta property=\"og:title\" content=\"Contact &raquo; David \u00c9lagage Paysagiste\" \/>\n<meta property=\"og:description\" content=\"David Elagage PaysagisteHAM DE FARREN13220 Ch\u00e2teauneuf-les-MartiguesT\u00e9l : 0641109903\" \/>\n<meta property=\"og:url\" content=\"https:\/\/david-elagage-paysagiste.fr\/amenagement-exterieur\/contact\/\" \/>\n<meta property=\"og:site_name\" content=\"David \u00c9lagage Paysagiste\" \/>\n<meta property=\"article:modified_time\" content=\"2024-11-04T16:18:00+00:00\" \/>\n<meta name=\"twitter:card\" content=\"summary_large_image\" \/>\n<script type=\"application\/ld+json\" class=\"yoast-schema-graph\">{\"@context\":\"https:\/\/schema.org\",\"@graph\":[{\"@type\":\"Organization\",\"@id\":\"https:\/\/david-elagage-paysagiste.fr\/amenagement-exterieur\/#organization\",\"name\":\"David \\u00c9lagage Paysagiste \\u00e0 Ch\\u00e2teauneuf-les-Martigues\",\"url\":\"https:\/\/david-elagage-paysagiste.fr\/amenagement-exterieur\/\",\"sameAs\":[],\"logo\":{\"@type\":\"ImageObject\",\"@id\":\"https:\/\/david-elagage-paysagiste.fr\/amenagement-exterieur\/#logo\",\"inLanguage\":\"fr-FR\",\"url\":\"https:\/\/david-elagage-paysagiste.fr\/amenagement-exterieur\/wp-content\/uploads\/2024\/02\/logo.png\",\"contentUrl\":\"https:\/\/david-elagage-paysagiste.fr\/amenagement-exterieur\/wp-content\/uploads\/2024\/02\/logo.png\",\"width\":376,\"height\":337,\"caption\":\"David \\u00c9lagage Paysagiste \\u00e0 Ch\\u00e2teauneuf-les-Martigues\"},\"image\":{\"@id\":\"https:\/\/david-elagage-paysagiste.fr\/amenagement-exterieur\/#logo\"}},{\"@type\":\"WebSite\",\"@id\":\"https:\/\/david-elagage-paysagiste.fr\/amenagement-exterieur\/#website\",\"url\":\"https:\/\/david-elagage-paysagiste.fr\/amenagement-exterieur\/\",\"name\":\"David \\u00c9lagage Paysagiste\",\"description\":\"\",\"publisher\":{\"@id\":\"https:\/\/david-elagage-paysagiste.fr\/amenagement-exterieur\/#organization\"},\"potentialAction\":[{\"@type\":\"SearchAction\",\"target\":{\"@type\":\"EntryPoint\",\"urlTemplate\":\"https:\/\/david-elagage-paysagiste.fr\/amenagement-exterieur\/?s={search_term_string}\"},\"query-input\":\"required name=search_term_string\"}],\"inLanguage\":\"fr-FR\"},{\"@type\":\"WebPage\",\"@id\":\"https:\/\/david-elagage-paysagiste.fr\/amenagement-exterieur\/contact\/#webpage\",\"url\":\"https:\/\/david-elagage-paysagiste.fr\/amenagement-exterieur\/contact\/\",\"name\":\"Contact &raquo; David \\u00c9lagage Paysagiste\",\"isPartOf\":{\"@id\":\"https:\/\/david-elagage-paysagiste.fr\/amenagement-exterieur\/#website\"},\"datePublished\":\"2024-02-02T13:39:38+00:00\",\"dateModified\":\"2024-11-04T16:18:00+00:00\",\"breadcrumb\":{\"@id\":\"https:\/\/david-elagage-paysagiste.fr\/amenagement-exterieur\/contact\/#breadcrumb\"},\"inLanguage\":\"fr-FR\",\"potentialAction\":[{\"@type\":\"ReadAction\",\"target\":[\"https:\/\/david-elagage-paysagiste.fr\/amenagement-exterieur\/contact\/\"]}]},{\"@type\":\"BreadcrumbList\",\"@id\":\"https:\/\/david-elagage-paysagiste.fr\/amenagement-exterieur\/contact\/#breadcrumb\",\"itemListElement\":[{\"@type\":\"ListItem\",\"position\":1,\"name\":\"Home\",\"item\":\"https:\/\/david-elagage-paysagiste.fr\/amenagement-exterieur\"},{\"@type\":\"ListItem\",\"position\":2,\"name\":\"Contact\"}]}]}<\/script>\n<!-- \/ Yoast SEO plugin. -->","yoast_head_json":{"title":"Contact &raquo; David \u00c9lagage Paysagiste","robots":{"index":"index","follow":"follow","max-snippet":"max-snippet:-1","max-image-preview":"max-image-preview:large","max-video-preview":"max-video-preview:-1"},"canonical":"https:\/\/david-elagage-paysagiste.fr\/amenagement-exterieur\/contact\/","og_locale":"fr_FR","og_type":"article","og_title":"Contact &raquo; David \u00c9lagage Paysagiste","og_description":"David Elagage PaysagisteHAM DE FARREN13220 Ch\u00e2teauneuf-les-MartiguesT\u00e9l : 0641109903","og_url":"https:\/\/david-elagage-paysagiste.fr\/amenagement-exterieur\/contact\/","og_site_name":"David \u00c9lagage Paysagiste","article_modified_time":"2024-11-04T16:18:00+00:00","twitter_card":"summary_large_image","schema":{"@context":"https:\/\/schema.org","@graph":[{"@type":"Organization","@id":"https:\/\/david-elagage-paysagiste.fr\/amenagement-exterieur\/#organization","name":"David \u00c9lagage Paysagiste \u00e0 Ch\u00e2teauneuf-les-Martigues","url":"https:\/\/david-elagage-paysagiste.fr\/amenagement-exterieur\/","sameAs":[],"logo":{"@type":"ImageObject","@id":"https:\/\/david-elagage-paysagiste.fr\/amenagement-exterieur\/#logo","inLanguage":"fr-FR","url":"https:\/\/david-elagage-paysagiste.fr\/amenagement-exterieur\/wp-content\/uploads\/2024\/02\/logo.png","contentUrl":"https:\/\/david-elagage-paysagiste.fr\/amenagement-exterieur\/wp-content\/uploads\/2024\/02\/logo.png","width":376,"height":337,"caption":"David \u00c9lagage Paysagiste \u00e0 Ch\u00e2teauneuf-les-Martigues"},"image":{"@id":"https:\/\/david-elagage-paysagiste.fr\/amenagement-exterieur\/#logo"}},{"@type":"WebSite","@id":"https:\/\/david-elagage-paysagiste.fr\/amenagement-exterieur\/#website","url":"https:\/\/david-elagage-paysagiste.fr\/amenagement-exterieur\/","name":"David \u00c9lagage Paysagiste","description":"","publisher":{"@id":"https:\/\/david-elagage-paysagiste.fr\/amenagement-exterieur\/#organization"},"potentialAction":[{"@type":"SearchAction","target":{"@type":"EntryPoint","urlTemplate":"https:\/\/david-elagage-paysagiste.fr\/amenagement-exterieur\/?s={search_term_string}"},"query-input":"required name=search_term_string"}],"inLanguage":"fr-FR"},{"@type":"WebPage","@id":"https:\/\/david-elagage-paysagiste.fr\/amenagement-exterieur\/contact\/#webpage","url":"https:\/\/david-elagage-paysagiste.fr\/amenagement-exterieur\/contact\/","name":"Contact &raquo; David \u00c9lagage Paysagiste","isPartOf":{"@id":"https:\/\/david-elagage-paysagiste.fr\/amenagement-exterieur\/#website"},"datePublished":"2024-02-02T13:39:38+00:00","dateModified":"2024-11-04T16:18:00+00:00","breadcrumb":{"@id":"https:\/\/david-elagage-paysagiste.fr\/amenagement-exterieur\/contact\/#breadcrumb"},"inLanguage":"fr-FR","potentialAction":[{"@type":"ReadAction","target":["https:\/\/david-elagage-paysagiste.fr\/amenagement-exterieur\/contact\/"]}]},{"@type":"BreadcrumbList","@id":"https:\/\/david-elagage-paysagiste.fr\/amenagement-exterieur\/contact\/#breadcrumb","itemListElement":[{"@type":"ListItem","position":1,"name":"Home","item":"https:\/\/david-elagage-paysagiste.fr\/amenagement-exterieur"},{"@type":"ListItem","position":2,"name":"Contact"}]}]}},"_links":{"self":[{"href":"https:\/\/david-elagage-paysagiste.fr\/amenagement-exterieur\/wp-json\/wp\/v2\/pages\/116"}],"collection":[{"href":"https:\/\/david-elagage-paysagiste.fr\/amenagement-exterieur\/wp-json\/wp\/v2\/pages"}],"about":[{"href":"https:\/\/david-elagage-paysagiste.fr\/amenagement-exterieur\/wp-json\/wp\/v2\/types\/page"}],"author":[{"embeddable":true,"href":"https:\/\/david-elagage-paysagiste.fr\/amenagement-exterieur\/wp-json\/wp\/v2\/users\/1"}],"replies":[{"embeddable":true,"href":"https:\/\/david-elagage-paysagiste.fr\/amenagement-exterieur\/wp-json\/wp\/v2\/comments?post=116"}],"version-history":[{"count":1,"href":"https:\/\/david-elagage-paysagiste.fr\/amenagement-exterieur\/wp-json\/wp\/v2\/pages\/116\/revisions"}],"predecessor-version":[{"id":231,"href":"https:\/\/david-elagage-paysagiste.fr\/amenagement-exterieur\/wp-json\/wp\/v2\/pages\/116\/revisions\/231"}],"wp:attachment":[{"href":"https:\/\/david-elagage-paysagiste.fr\/amenagement-exterieur\/wp-json\/wp\/v2\/media?parent=116"}],"wp:term":[{"taxonomy":"category","embeddable":true,"href":"https:\/\/david-elagage-paysagiste.fr\/amenagement-exterieur\/wp-json\/wp\/v2\/categories?post=116"},{"taxonomy":"post_tag","embeddable":true,"href":"https:\/\/david-elagage-paysagiste.fr\/amenagement-exterieur\/wp-json\/wp\/v2\/tags?post=116"}],"curies":[{"name":"wp","href":"https:\/\/api.w.org\/{rel}","templated":true}]}}