{"id":10,"date":"2024-02-02T10:29:43","date_gmt":"2024-02-02T09:29:43","guid":{"rendered":"https:\/\/david-elagage-paysagiste.fr\/amenagement-exterieur\/?page_id=10"},"modified":"2024-02-05T09:49:55","modified_gmt":"2024-02-05T08:49:55","slug":"paysagiste","status":"publish","type":"page","link":"https:\/\/david-elagage-paysagiste.fr\/amenagement-exterieur\/paysagiste\/","title":{"rendered":"David \u00c9lagage Paysagiste \u00e0 Ch\u00e2teauneuf-les-Martigues"},"content":{"rendered":"\t\t<div data-elementor-type=\"wp-page\" data-elementor-id=\"10\" class=\"elementor elementor-10\">\n\t\t\t\t\t\t\t<div class=\"elementor-element elementor-element-3edf533 e-flex e-con-boxed e-con e-parent\" data-id=\"3edf533\" data-element_type=\"container\" data-settings=\"{&quot;content_width&quot;:&quot;boxed&quot;}\" data-core-v316-plus=\"true\">\n\t\t\t\t\t<div class=\"e-con-inner\">\n\t\t\t\t<div class=\"elementor-element elementor-element-12f3302 elementor-arrows-position-inside elementor-pagination-position-outside elementor-widget elementor-widget-image-carousel\" data-id=\"12f3302\" data-element_type=\"widget\" data-settings=\"{&quot;navigation&quot;:&quot;both&quot;,&quot;autoplay&quot;:&quot;yes&quot;,&quot;pause_on_hover&quot;:&quot;yes&quot;,&quot;pause_on_interaction&quot;:&quot;yes&quot;,&quot;autoplay_speed&quot;:5000,&quot;infinite&quot;:&quot;yes&quot;,&quot;speed&quot;:500}\" data-widget_type=\"image-carousel.default\">\n\t\t\t\t<div class=\"elementor-widget-container\">\n\t\t\t<style>\/*! elementor - v3.18.0 - 08-12-2023 *\/\n.elementor-widget-image-carousel .swiper,.elementor-widget-image-carousel .swiper-container{position:static}.elementor-widget-image-carousel .swiper-container .swiper-slide figure,.elementor-widget-image-carousel .swiper .swiper-slide figure{line-height:inherit}.elementor-widget-image-carousel .swiper-slide{text-align:center}.elementor-image-carousel-wrapper:not(.swiper-container-initialized):not(.swiper-initialized) .swiper-slide{max-width:calc(100% \/ var(--e-image-carousel-slides-to-show, 3))}<\/style>\t\t<div class=\"elementor-image-carousel-wrapper swiper\" dir=\"ltr\">\n\t\t\t<div class=\"elementor-image-carousel swiper-wrapper\" aria-live=\"off\">\n\t\t\t\t\t\t\t\t<div class=\"swiper-slide\" role=\"group\" aria-roledescription=\"slide\" aria-label=\"1 of 6\"><figure class=\"swiper-slide-inner\"><img decoding=\"async\" class=\"swiper-slide-image\" src=\"https:\/\/david-elagage-paysagiste.fr\/amenagement-exterieur\/wp-content\/uploads\/2024\/02\/hedgehog-548335_640-300x200.jpg\" alt=\"hedgehog-548335_640\" \/><\/figure><\/div><div class=\"swiper-slide\" role=\"group\" aria-roledescription=\"slide\" aria-label=\"2 of 6\"><figure class=\"swiper-slide-inner\"><img decoding=\"async\" class=\"swiper-slide-image\" src=\"https:\/\/david-elagage-paysagiste.fr\/amenagement-exterieur\/wp-content\/uploads\/2024\/02\/spring-2298279_640-300x200.jpg\" alt=\"spring-2298279_640\" \/><\/figure><\/div><div class=\"swiper-slide\" role=\"group\" aria-roledescription=\"slide\" aria-label=\"3 of 6\"><figure class=\"swiper-slide-inner\"><img decoding=\"async\" class=\"swiper-slide-image\" src=\"https:\/\/david-elagage-paysagiste.fr\/amenagement-exterieur\/wp-content\/uploads\/2024\/02\/now-5016101_640-300x200.jpg\" alt=\"now-5016101_640\" \/><\/figure><\/div><div class=\"swiper-slide\" role=\"group\" aria-roledescription=\"slide\" aria-label=\"4 of 6\"><figure class=\"swiper-slide-inner\"><img decoding=\"async\" class=\"swiper-slide-image\" src=\"https:\/\/david-elagage-paysagiste.fr\/amenagement-exterieur\/wp-content\/uploads\/2024\/02\/lake-696098_640-300x199.jpg\" alt=\"lake-696098_640\" \/><\/figure><\/div><div class=\"swiper-slide\" role=\"group\" aria-roledescription=\"slide\" aria-label=\"5 of 6\"><figure class=\"swiper-slide-inner\"><img decoding=\"async\" class=\"swiper-slide-image\" src=\"https:\/\/david-elagage-paysagiste.fr\/amenagement-exterieur\/wp-content\/uploads\/2024\/02\/wood-1728019_640-300x201.jpg\" alt=\"wood-1728019_640\" \/><\/figure><\/div><div class=\"swiper-slide\" role=\"group\" aria-roledescription=\"slide\" aria-label=\"6 of 6\"><figure class=\"swiper-slide-inner\"><img decoding=\"async\" class=\"swiper-slide-image\" src=\"https:\/\/david-elagage-paysagiste.fr\/amenagement-exterieur\/wp-content\/uploads\/2024\/02\/chainsaw-3523799_640-300x213.jpg\" alt=\"chainsaw-3523799_640\" \/><\/figure><\/div>\t\t\t<\/div>\n\t\t\t\t\t\t\t\t\t\t\t\t<div class=\"elementor-swiper-button elementor-swiper-button-prev\" role=\"button\" tabindex=\"0\">\n\t\t\t\t\t\t<svg aria-hidden=\"true\" class=\"e-font-icon-svg e-eicon-chevron-left\" viewBox=\"0 0 1000 1000\" xmlns=\"http:\/\/www.w3.org\/2000\/svg\"><path d=\"M646 125C629 125 613 133 604 142L308 442C296 454 292 471 292 487 292 504 296 521 308 533L604 854C617 867 629 875 646 875 663 875 679 871 692 858 704 846 713 829 713 812 713 796 708 779 692 767L438 487 692 225C700 217 708 204 708 187 708 171 704 154 692 142 675 129 663 125 646 125Z\"><\/path><\/svg>\t\t\t\t\t<\/div>\n\t\t\t\t\t<div class=\"elementor-swiper-button elementor-swiper-button-next\" role=\"button\" tabindex=\"0\">\n\t\t\t\t\t\t<svg aria-hidden=\"true\" class=\"e-font-icon-svg e-eicon-chevron-right\" viewBox=\"0 0 1000 1000\" xmlns=\"http:\/\/www.w3.org\/2000\/svg\"><path d=\"M696 533C708 521 713 504 713 487 713 471 708 454 696 446L400 146C388 133 375 125 354 125 338 125 325 129 313 142 300 154 292 171 292 187 292 204 296 221 308 233L563 492 304 771C292 783 288 800 288 817 288 833 296 850 308 863 321 871 338 875 354 875 371 875 388 867 400 854L696 533Z\"><\/path><\/svg>\t\t\t\t\t<\/div>\n\t\t\t\t\n\t\t\t\t\t\t\t\t\t<div class=\"swiper-pagination\"><\/div>\n\t\t\t\t\t\t\t\t\t<\/div>\n\t\t\t\t<\/div>\n\t\t\t\t<\/div>\n\t\t\t\t\t<\/div>\n\t\t\t\t<\/div>\n\t\t<div class=\"elementor-element elementor-element-7e70396d e-flex e-con-boxed e-con e-parent\" data-id=\"7e70396d\" data-element_type=\"container\" data-settings=\"{&quot;content_width&quot;:&quot;boxed&quot;}\" data-core-v316-plus=\"true\">\n\t\t\t\t\t<div class=\"e-con-inner\">\n\t\t\t\t<div class=\"elementor-element elementor-element-4032bbd5 elementor-widget elementor-widget-text-editor\" data-id=\"4032bbd5\" data-element_type=\"widget\" data-widget_type=\"text-editor.default\">\n\t\t\t\t<div class=\"elementor-widget-container\">\n\t\t\t<style>\/*! elementor - v3.18.0 - 08-12-2023 *\/\n.elementor-widget-text-editor.elementor-drop-cap-view-stacked .elementor-drop-cap{background-color:#69727d;color:#fff}.elementor-widget-text-editor.elementor-drop-cap-view-framed .elementor-drop-cap{color:#69727d;border:3px solid;background-color:transparent}.elementor-widget-text-editor:not(.elementor-drop-cap-view-default) .elementor-drop-cap{margin-top:8px}.elementor-widget-text-editor:not(.elementor-drop-cap-view-default) .elementor-drop-cap-letter{width:1em;height:1em}.elementor-widget-text-editor .elementor-drop-cap{float:left;text-align:center;line-height:1;font-size:50px}.elementor-widget-text-editor .elementor-drop-cap-letter{display:inline-block}<\/style>\t\t\t\t<h2>David \u00c9lagage Paysagistes \u00e0 Ch\u00e2teauneuf-les-Martigues : Transformez Vos Espaces Ext\u00e9rieurs avec Expertise<\/h2><p>Bienvenue chez David \u00c9lagage Paysagistes, votre partenaire de confiance pour des services de paysagisme exceptionnels \u00e0 Ch\u00e2teauneuf-les-Martigues. Nous sommes fiers de notre engagement \u00e0 cr\u00e9er des espaces ext\u00e9rieurs magnifiques, fonctionnels et durables. Avec notre \u00e9quipe d&rsquo;experts passionn\u00e9s, nous transformons vos r\u00eaves de jardin en r\u00e9alit\u00e9.<\/p><h2>Services de Paysagisme Complet \u00e0 Ch\u00e2teauneuf-les-Martigues<\/h2><h3><strong>Am\u00e9nagement Paysager sur Mesure<\/strong><\/h3><p>David \u00c9lagage Paysagistes excelle dans la conception et la r\u00e9alisation d&rsquo;am\u00e9nagements paysagers sur mesure. Que vous souhaitiez un jardin m\u00e9diterran\u00e9en, une terrasse moderne ou une oasis de d\u00e9tente, notre \u00e9quipe talentueuse travaille en \u00e9troite collaboration avec vous pour cr\u00e9er un espace qui refl\u00e8te votre style et s&rsquo;int\u00e8gre harmonieusement \u00e0 votre environnement.<\/p><h3><strong>\u00c9lagage d&rsquo;Arbres Professionnel<\/strong><\/h3><p>Confiez l&rsquo;entretien de vos arbres \u00e0 nos experts en \u00e9lagage. Nous assurons une taille pr\u00e9cise et soign\u00e9e, favorisant la sant\u00e9 de vos arbres tout en pr\u00e9servant l&rsquo;esth\u00e9tique de votre jardin.<\/p><h3><strong>Entretien de Jardin Complet<\/strong><\/h3><p>Maintenez la beaut\u00e9 de votre espace ext\u00e9rieur avec nos services d&rsquo;entretien de jardin complets. De la tonte de pelouse \u00e0 la gestion des plantes, nous prenons soin de chaque d\u00e9tail pour assurer la sant\u00e9 continue de votre jardin.<\/p><h3><strong>\u00c9clairage Ext\u00e9rieur \u00c9l\u00e9gant<\/strong><\/h3><p>Illuminez vos soir\u00e9es avec notre expertise en \u00e9clairage ext\u00e9rieur. Cr\u00e9ez une ambiance chaleureuse, mettez en valeur des points sp\u00e9cifiques de votre jardin et assurez la s\u00e9curit\u00e9 de votre propri\u00e9t\u00e9 gr\u00e2ce \u00e0 nos solutions d&rsquo;\u00e9clairage innovantes.<\/p><h3><strong>Syst\u00e8mes d&rsquo;Irrigation Efficaces<\/strong><\/h3><p>Un arrosage r\u00e9gulier est essentiel pour un jardin prosp\u00e8re. Nos professionnels en irrigation con\u00e7oivent des syst\u00e8mes efficaces, adapt\u00e9s \u00e0 votre jardin, pour assurer une croissance saine de vos plantes toute l&rsquo;ann\u00e9e.<\/p><h2>Pourquoi Choisir David \u00c9lagage Paysagistes ?<\/h2><h3><strong>Expertise Locale et Connaissance du Climat M\u00e9diterran\u00e9en<\/strong><\/h3><p>En tant que paysagistes bas\u00e9s \u00e0 Ch\u00e2teauneuf-les-Martigues, nous comprenons les nuances du climat m\u00e9diterran\u00e9en et les sp\u00e9cificit\u00e9s des sols locaux. Cela nous permet de concevoir des espaces ext\u00e9rieurs qui r\u00e9sistent aux conditions locales tout en \u00e9tant esth\u00e9tiquement plaisants.<\/p><h3><strong>Personnalisation Approfondie<\/strong><\/h3><p>Chez David \u00c9lagage Paysagistes, nous croyons en la personnalisation. Chaque projet est unique, et nous travaillons en \u00e9troite collaboration avec vous pour comprendre vos besoins, vos pr\u00e9f\u00e9rences et votre budget, garantissant ainsi la cr\u00e9ation d&rsquo;un jardin qui vous ressemble.<\/p><h3><strong>Engagement Environnemental<\/strong><\/h3><p>Nous nous engageons \u00e0 minimiser notre impact sur l&rsquo;environnement. Nos pratiques respectueuses de l&rsquo;environnement, l&rsquo;utilisation de mat\u00e9riaux durables et notre approche \u00e9coresponsable font de nous le choix \u00e9cologique pour vos projets de paysagisme.<\/p><h2>Contactez David \u00c9lagage Paysagistes<\/h2><p>Transformez votre jardin en un havre de paix avec David \u00c9lagage Paysagistes. Contactez-nous d\u00e8s aujourd&rsquo;hui pour une consultation gratuite. D\u00e9couvrez comment notre expertise peut faire la diff\u00e9rence dans la cr\u00e9ation et l&rsquo;entretien de vos espaces ext\u00e9rieurs.<\/p>\t\t\t\t\t\t<\/div>\n\t\t\t\t<\/div>\n\t\t\t\t\t<\/div>\n\t\t\t\t<\/div>\n\t\t<div class=\"elementor-element elementor-element-2e0d8922 e-flex e-con-boxed e-con e-parent\" data-id=\"2e0d8922\" data-element_type=\"container\" data-settings=\"{&quot;content_width&quot;:&quot;boxed&quot;}\" data-core-v316-plus=\"true\">\n\t\t\t\t\t<div class=\"e-con-inner\">\n\t\t\t\t<div class=\"elementor-element elementor-element-42768b77 elementor-align-center elementor-widget elementor-widget-button\" data-id=\"42768b77\" data-element_type=\"widget\" data-widget_type=\"button.default\">\n\t\t\t\t<div class=\"elementor-widget-container\">\n\t\t\t\t\t<div class=\"elementor-button-wrapper\">\n\t\t\t<a class=\"elementor-button elementor-button-link elementor-size-md\" href=\"tel:0641109903%20%20\">\n\t\t\t\t\t\t<span class=\"elementor-button-content-wrapper\">\n\t\t\t\t\t\t<span class=\"elementor-button-icon elementor-align-icon-left\">\n\t\t\t\t<svg aria-hidden=\"true\" class=\"e-font-icon-svg e-fas-phone-alt\" viewBox=\"0 0 512 512\" xmlns=\"http:\/\/www.w3.org\/2000\/svg\"><path d=\"M497.39 361.8l-112-48a24 24 0 0 0-28 6.9l-49.6 60.6A370.66 370.66 0 0 1 130.6 204.11l60.6-49.6a23.94 23.94 0 0 0 6.9-28l-48-112A24.16 24.16 0 0 0 122.6.61l-104 24A24 24 0 0 0 0 48c0 256.5 207.9 464 464 464a24 24 0 0 0 23.4-18.6l24-104a24.29 24.29 0 0 0-14.01-27.6z\"><\/path><\/svg>\t\t\t<\/span>\n\t\t\t\t\t\t<span class=\"elementor-button-text\">Nous contacter<\/span>\n\t\t<\/span>\n\t\t\t\t\t<\/a>\n\t\t<\/div>\n\t\t\t\t<\/div>\n\t\t\t\t<\/div>\n\t\t\t\t\t<\/div>\n\t\t\t\t<\/div>\n\t\t\t\t\t\t\t<\/div>\n\t\t","protected":false},"excerpt":{"rendered":"<p>\/*! elementor &#8211; v3.18.0 &#8211; 08-12-2023 *\/<br \/>\n.elementor-widget-image-carousel .swiper,.elementor-widget-image-carousel .swiper-container{position:static}.elementor-widget-image-carousel .swiper-container .swiper-slide figure,.elementor-widget-image-carousel .swiper .swiper-slide  [&#8230;]<\/p>\n","protected":false},"author":1,"featured_media":65,"parent":0,"menu_order":0,"comment_status":"closed","ping_status":"closed","template":"","meta":{"footnotes":""},"categories":[],"tags":[6,3,8,14,4,5,7,13,12,11],"acf":[],"yoast_head":"<!-- This site is optimized with the Yoast SEO plugin v17.2 - https:\/\/yoast.com\/wordpress\/plugins\/seo\/ -->\n<title>David \u00c9lagage Paysagiste \u00e0 Ch\u00e2teauneuf-les-Martigues<\/title>\n<meta name=\"description\" content=\"Bienvenue chez David \u00c9lagage Paysagistes, votre partenaire de confiance pour des services de paysagisme \u00e0 Ch\u00e2teauneuf-les-Martigues.\" \/>\n<meta name=\"robots\" content=\"index, follow, max-snippet:-1, max-image-preview:large, max-video-preview:-1\" \/>\n<link rel=\"canonical\" href=\"https:\/\/david-elagage-paysagiste.fr\/amenagement-exterieur\/paysagiste\/\" \/>\n<meta property=\"og:locale\" content=\"fr_FR\" \/>\n<meta property=\"og:type\" content=\"article\" \/>\n<meta property=\"og:title\" content=\"David \u00c9lagage Paysagiste \u00e0 Ch\u00e2teauneuf-les-Martigues\" \/>\n<meta property=\"og:description\" content=\"Bienvenue chez David \u00c9lagage Paysagistes, votre partenaire de confiance pour des services de paysagisme \u00e0 Ch\u00e2teauneuf-les-Martigues.\" \/>\n<meta property=\"og:url\" content=\"https:\/\/david-elagage-paysagiste.fr\/amenagement-exterieur\/paysagiste\/\" \/>\n<meta property=\"og:site_name\" content=\"David \u00c9lagage Paysagiste\" \/>\n<meta property=\"article:modified_time\" content=\"2024-02-05T08:49:55+00:00\" \/>\n<meta property=\"og:image\" content=\"https:\/\/david-elagage-paysagiste.fr\/amenagement-exterieur\/wp-content\/uploads\/2024\/02\/pathway-2289978_640.jpg\" \/>\n\t<meta property=\"og:image:width\" content=\"640\" \/>\n\t<meta property=\"og:image:height\" content=\"427\" \/>\n<meta name=\"twitter:card\" content=\"summary_large_image\" \/>\n<script type=\"application\/ld+json\" class=\"yoast-schema-graph\">{\"@context\":\"https:\/\/schema.org\",\"@graph\":[{\"@type\":\"Organization\",\"@id\":\"https:\/\/david-elagage-paysagiste.fr\/amenagement-exterieur\/#organization\",\"name\":\"David \\u00c9lagage Paysagiste \\u00e0 Ch\\u00e2teauneuf-les-Martigues\",\"url\":\"https:\/\/david-elagage-paysagiste.fr\/amenagement-exterieur\/\",\"sameAs\":[],\"logo\":{\"@type\":\"ImageObject\",\"@id\":\"https:\/\/david-elagage-paysagiste.fr\/amenagement-exterieur\/#logo\",\"inLanguage\":\"fr-FR\",\"url\":\"https:\/\/david-elagage-paysagiste.fr\/amenagement-exterieur\/wp-content\/uploads\/2024\/02\/logo.png\",\"contentUrl\":\"https:\/\/david-elagage-paysagiste.fr\/amenagement-exterieur\/wp-content\/uploads\/2024\/02\/logo.png\",\"width\":376,\"height\":337,\"caption\":\"David \\u00c9lagage Paysagiste \\u00e0 Ch\\u00e2teauneuf-les-Martigues\"},\"image\":{\"@id\":\"https:\/\/david-elagage-paysagiste.fr\/amenagement-exterieur\/#logo\"}},{\"@type\":\"WebSite\",\"@id\":\"https:\/\/david-elagage-paysagiste.fr\/amenagement-exterieur\/#website\",\"url\":\"https:\/\/david-elagage-paysagiste.fr\/amenagement-exterieur\/\",\"name\":\"David \\u00c9lagage Paysagiste\",\"description\":\"\",\"publisher\":{\"@id\":\"https:\/\/david-elagage-paysagiste.fr\/amenagement-exterieur\/#organization\"},\"potentialAction\":[{\"@type\":\"SearchAction\",\"target\":{\"@type\":\"EntryPoint\",\"urlTemplate\":\"https:\/\/david-elagage-paysagiste.fr\/amenagement-exterieur\/?s={search_term_string}\"},\"query-input\":\"required name=search_term_string\"}],\"inLanguage\":\"fr-FR\"},{\"@type\":\"ImageObject\",\"@id\":\"https:\/\/david-elagage-paysagiste.fr\/amenagement-exterieur\/paysagiste\/#primaryimage\",\"inLanguage\":\"fr-FR\",\"url\":\"https:\/\/david-elagage-paysagiste.fr\/amenagement-exterieur\/wp-content\/uploads\/2024\/02\/pathway-2289978_640.jpg\",\"contentUrl\":\"https:\/\/david-elagage-paysagiste.fr\/amenagement-exterieur\/wp-content\/uploads\/2024\/02\/pathway-2289978_640.jpg\",\"width\":640,\"height\":427},{\"@type\":\"WebPage\",\"@id\":\"https:\/\/david-elagage-paysagiste.fr\/amenagement-exterieur\/paysagiste\/#webpage\",\"url\":\"https:\/\/david-elagage-paysagiste.fr\/amenagement-exterieur\/paysagiste\/\",\"name\":\"David \\u00c9lagage Paysagiste \\u00e0 Ch\\u00e2teauneuf-les-Martigues\",\"isPartOf\":{\"@id\":\"https:\/\/david-elagage-paysagiste.fr\/amenagement-exterieur\/#website\"},\"primaryImageOfPage\":{\"@id\":\"https:\/\/david-elagage-paysagiste.fr\/amenagement-exterieur\/paysagiste\/#primaryimage\"},\"datePublished\":\"2024-02-02T09:29:43+00:00\",\"dateModified\":\"2024-02-05T08:49:55+00:00\",\"description\":\"Bienvenue chez David \\u00c9lagage Paysagistes, votre partenaire de confiance pour des services de paysagisme \\u00e0 Ch\\u00e2teauneuf-les-Martigues.\",\"breadcrumb\":{\"@id\":\"https:\/\/david-elagage-paysagiste.fr\/amenagement-exterieur\/paysagiste\/#breadcrumb\"},\"inLanguage\":\"fr-FR\",\"potentialAction\":[{\"@type\":\"ReadAction\",\"target\":[\"https:\/\/david-elagage-paysagiste.fr\/amenagement-exterieur\/paysagiste\/\"]}]},{\"@type\":\"BreadcrumbList\",\"@id\":\"https:\/\/david-elagage-paysagiste.fr\/amenagement-exterieur\/paysagiste\/#breadcrumb\",\"itemListElement\":[{\"@type\":\"ListItem\",\"position\":1,\"name\":\"Home\",\"item\":\"https:\/\/david-elagage-paysagiste.fr\/amenagement-exterieur\"},{\"@type\":\"ListItem\",\"position\":2,\"name\":\"David \\u00c9lagage Paysagiste \\u00e0 Ch\\u00e2teauneuf-les-Martigues\"}]}]}<\/script>\n<!-- \/ Yoast SEO plugin. -->","yoast_head_json":{"title":"David \u00c9lagage Paysagiste \u00e0 Ch\u00e2teauneuf-les-Martigues","description":"Bienvenue chez David \u00c9lagage Paysagistes, votre partenaire de confiance pour des services de paysagisme \u00e0 Ch\u00e2teauneuf-les-Martigues.","robots":{"index":"index","follow":"follow","max-snippet":"max-snippet:-1","max-image-preview":"max-image-preview:large","max-video-preview":"max-video-preview:-1"},"canonical":"https:\/\/david-elagage-paysagiste.fr\/amenagement-exterieur\/paysagiste\/","og_locale":"fr_FR","og_type":"article","og_title":"David \u00c9lagage Paysagiste \u00e0 Ch\u00e2teauneuf-les-Martigues","og_description":"Bienvenue chez David \u00c9lagage Paysagistes, votre partenaire de confiance pour des services de paysagisme \u00e0 Ch\u00e2teauneuf-les-Martigues.","og_url":"https:\/\/david-elagage-paysagiste.fr\/amenagement-exterieur\/paysagiste\/","og_site_name":"David \u00c9lagage Paysagiste","article_modified_time":"2024-02-05T08:49:55+00:00","og_image":[{"width":640,"height":427,"filesize":141486,"url":"https:\/\/david-elagage-paysagiste.fr\/amenagement-exterieur\/wp-content\/uploads\/2024\/02\/pathway-2289978_640.jpg","path":"\/home\/www\/vhosts\/david-elagage-paysagiste.fr\/httpdocs\/amenagement-exterieur\/wp-content\/uploads\/2024\/02\/pathway-2289978_640.jpg","size":"full","id":65,"alt":"","pixels":273280,"type":"image\/jpeg"}],"twitter_card":"summary_large_image","schema":{"@context":"https:\/\/schema.org","@graph":[{"@type":"Organization","@id":"https:\/\/david-elagage-paysagiste.fr\/amenagement-exterieur\/#organization","name":"David \u00c9lagage Paysagiste \u00e0 Ch\u00e2teauneuf-les-Martigues","url":"https:\/\/david-elagage-paysagiste.fr\/amenagement-exterieur\/","sameAs":[],"logo":{"@type":"ImageObject","@id":"https:\/\/david-elagage-paysagiste.fr\/amenagement-exterieur\/#logo","inLanguage":"fr-FR","url":"https:\/\/david-elagage-paysagiste.fr\/amenagement-exterieur\/wp-content\/uploads\/2024\/02\/logo.png","contentUrl":"https:\/\/david-elagage-paysagiste.fr\/amenagement-exterieur\/wp-content\/uploads\/2024\/02\/logo.png","width":376,"height":337,"caption":"David \u00c9lagage Paysagiste \u00e0 Ch\u00e2teauneuf-les-Martigues"},"image":{"@id":"https:\/\/david-elagage-paysagiste.fr\/amenagement-exterieur\/#logo"}},{"@type":"WebSite","@id":"https:\/\/david-elagage-paysagiste.fr\/amenagement-exterieur\/#website","url":"https:\/\/david-elagage-paysagiste.fr\/amenagement-exterieur\/","name":"David \u00c9lagage Paysagiste","description":"","publisher":{"@id":"https:\/\/david-elagage-paysagiste.fr\/amenagement-exterieur\/#organization"},"potentialAction":[{"@type":"SearchAction","target":{"@type":"EntryPoint","urlTemplate":"https:\/\/david-elagage-paysagiste.fr\/amenagement-exterieur\/?s={search_term_string}"},"query-input":"required name=search_term_string"}],"inLanguage":"fr-FR"},{"@type":"ImageObject","@id":"https:\/\/david-elagage-paysagiste.fr\/amenagement-exterieur\/paysagiste\/#primaryimage","inLanguage":"fr-FR","url":"https:\/\/david-elagage-paysagiste.fr\/amenagement-exterieur\/wp-content\/uploads\/2024\/02\/pathway-2289978_640.jpg","contentUrl":"https:\/\/david-elagage-paysagiste.fr\/amenagement-exterieur\/wp-content\/uploads\/2024\/02\/pathway-2289978_640.jpg","width":640,"height":427},{"@type":"WebPage","@id":"https:\/\/david-elagage-paysagiste.fr\/amenagement-exterieur\/paysagiste\/#webpage","url":"https:\/\/david-elagage-paysagiste.fr\/amenagement-exterieur\/paysagiste\/","name":"David \u00c9lagage Paysagiste \u00e0 Ch\u00e2teauneuf-les-Martigues","isPartOf":{"@id":"https:\/\/david-elagage-paysagiste.fr\/amenagement-exterieur\/#website"},"primaryImageOfPage":{"@id":"https:\/\/david-elagage-paysagiste.fr\/amenagement-exterieur\/paysagiste\/#primaryimage"},"datePublished":"2024-02-02T09:29:43+00:00","dateModified":"2024-02-05T08:49:55+00:00","description":"Bienvenue chez David \u00c9lagage Paysagistes, votre partenaire de confiance pour des services de paysagisme \u00e0 Ch\u00e2teauneuf-les-Martigues.","breadcrumb":{"@id":"https:\/\/david-elagage-paysagiste.fr\/amenagement-exterieur\/paysagiste\/#breadcrumb"},"inLanguage":"fr-FR","potentialAction":[{"@type":"ReadAction","target":["https:\/\/david-elagage-paysagiste.fr\/amenagement-exterieur\/paysagiste\/"]}]},{"@type":"BreadcrumbList","@id":"https:\/\/david-elagage-paysagiste.fr\/amenagement-exterieur\/paysagiste\/#breadcrumb","itemListElement":[{"@type":"ListItem","position":1,"name":"Home","item":"https:\/\/david-elagage-paysagiste.fr\/amenagement-exterieur"},{"@type":"ListItem","position":2,"name":"David \u00c9lagage Paysagiste \u00e0 Ch\u00e2teauneuf-les-Martigues"}]}]}},"_links":{"self":[{"href":"https:\/\/david-elagage-paysagiste.fr\/amenagement-exterieur\/wp-json\/wp\/v2\/pages\/10"}],"collection":[{"href":"https:\/\/david-elagage-paysagiste.fr\/amenagement-exterieur\/wp-json\/wp\/v2\/pages"}],"about":[{"href":"https:\/\/david-elagage-paysagiste.fr\/amenagement-exterieur\/wp-json\/wp\/v2\/types\/page"}],"author":[{"embeddable":true,"href":"https:\/\/david-elagage-paysagiste.fr\/amenagement-exterieur\/wp-json\/wp\/v2\/users\/1"}],"replies":[{"embeddable":true,"href":"https:\/\/david-elagage-paysagiste.fr\/amenagement-exterieur\/wp-json\/wp\/v2\/comments?post=10"}],"version-history":[{"count":1,"href":"https:\/\/david-elagage-paysagiste.fr\/amenagement-exterieur\/wp-json\/wp\/v2\/pages\/10\/revisions"}],"predecessor-version":[{"id":189,"href":"https:\/\/david-elagage-paysagiste.fr\/amenagement-exterieur\/wp-json\/wp\/v2\/pages\/10\/revisions\/189"}],"wp:featuredmedia":[{"embeddable":true,"href":"https:\/\/david-elagage-paysagiste.fr\/amenagement-exterieur\/wp-json\/wp\/v2\/media\/65"}],"wp:attachment":[{"href":"https:\/\/david-elagage-paysagiste.fr\/amenagement-exterieur\/wp-json\/wp\/v2\/media?parent=10"}],"wp:term":[{"taxonomy":"category","embeddable":true,"href":"https:\/\/david-elagage-paysagiste.fr\/amenagement-exterieur\/wp-json\/wp\/v2\/categories?post=10"},{"taxonomy":"post_tag","embeddable":true,"href":"https:\/\/david-elagage-paysagiste.fr\/amenagement-exterieur\/wp-json\/wp\/v2\/tags?post=10"}],"curies":[{"name":"wp","href":"https:\/\/api.w.org\/{rel}","templated":true}]}}